{"id":2890,"date":"2015-08-27T09:48:32","date_gmt":"2015-08-27T07:48:32","guid":{"rendered":"http:\/\/www.remo-music.de\/cms\/?page_id=2890"},"modified":"2015-08-27T10:20:42","modified_gmt":"2015-08-27T08:20:42","slug":"charaktere","status":"publish","type":"page","link":"https:\/\/www.remo-music.de\/cms\/charaktere\/","title":{"rendered":"Das geheimnisvolle Album &#8211; ein Rockm\u00e4rchen"},"content":{"rendered":"<p><strong>Charaktere<\/strong><\/p>\n<p><strong>\u00a0<\/strong><strong>REMO:<\/strong><\/p>\n<p>Remo ist ein lustiger, lauter Rocker, der finanziell unabh\u00e4ngig ist und noch immer in seiner Villa wohnt &#8211; mittlerweile mit Tina zusammen. Obwohl er Jura studiert hat, tr\u00e4umt er schon immer von seiner eigenen Musik. Einmal m\u00f6chte er vor einem riesen Publikum stehen, am Besten eine Stadiontour durch Deutschland und vor 10000 Menschen mit seiner Band abrocken. Daf\u00fcr schreibt er seit Jahren Musik und arbeitet mit seiner Band. Letztendlich muss er sich aber eingestehen, dass die Menschen wohl eher geneigt sind, leichte Partyschlagermusik zu h\u00f6ren und sein von Gitarren gepr\u00e4gter Sound mit seinen emotionalen Texten derzeit nicht so angesagt ist. Wenigstens Tina, seine gro\u00dfe Liebe, ist jetzt wieder an seiner Seite, so dass wenigstens der Teil seines Lebens ihn \u00e4u\u00dferst gl\u00fccklich macht. Remo ist an einem Punkt angelangt, wo er sich \u00fcberlegt, mit der Musik ganz aufzuh\u00f6ren, doch das w\u00fcrde ihm sicher sein musikalisches Herz brechen.<\/p>\n<p><strong>TINA:<\/strong><\/p>\n<p>Tina ist nach schweren Schicksalsschl\u00e4gen (Tod der Mutter und des Bruders) \u00e4u\u00dferst gl\u00fccklich, dass sie mit ihrer gro\u00dfen Liebe Remo, den sie zu ihrer Studienzeit kennengelernt hatte, zusammen ist, was ihr eine positive Energie gibt uns sie die Schicksalsschl\u00e4ge nahezu vergessen l\u00e4sst. Tina sp\u00fcrt, wie wichtig die Musik f\u00fcr Remo ist und unterst\u00fctzt ihn dahingehend, da Musik somit auch zu ihrem Lebensgl\u00fcck geh\u00f6rt. Sie ist Remos gr\u00f6\u00dfter Fan. Mittlerweile lebt sie mit ihm zusammen in der Villa. Tina ist ein sehr emotionaler und trotzdem bodenst\u00e4ndiger Mensch. Sie hat Humor und Power. Auch bei der Band ist Tina beliebt.<\/p>\n<p><strong>GUTER GEIST DER KARIBIK:<\/strong><\/p>\n<p>Er ist ein guter, hochmusikalischer Geist. Er ist ein begnadeter Gitarrist, dessen Gitarrenspiel die Menschen in den Bann ziehen kann. Er ist wortkarg, geheimnisvoll und spricht teilweise in R\u00e4tseln. Er lebt in der Welt des Rock&#8217;nRoll von Woodstock bis in die Gegenwart. Seine Brothers sind die gro\u00dfen Gitarristen, die die Erde hervorgebracht hat.<\/p>\n<p><strong>ESMERALDA:<\/strong><\/p>\n<p>Esmeralda ist ein guter Geist und eine echte Piratenbraut, die auf der Insel Hispanola im Jahre 1743 den dort gestrandeten Piraten Kapit\u00e4n Hugo Gonzales geheiratet hat. Durch ihre schon damals guten und heldenhaften Taten f\u00fcr den bitterarmen Teil der Bev\u00f6lkerung wurden sie von dem guten Geist Cosmo unsterblich gemacht, mit der Aufgabe, Menschen mit reinem Herzen weiter zu dienen und sogar dem einen oder anderen seinen Lebenstraum zu erf\u00fcllen. Esmeralda hat eine rauhe Schale mit einem weichen Kern. Selbst ihr Ehemann Hugo steht bei ihr unter dem Pantoffel.<\/p>\n<p><strong>HUGO:<\/strong><\/p>\n<p>Mit seinem Schiff, dem Donnerfalken, segelte Hugo, genau genommen Kapit\u00e4n Hugo Gonzales, mit seiner gef\u00fcrchteten Manschaft um den einbeinigen Jack \u00fcber die Weltmeere, bis eines Nachts vor der K\u00fcste von Hispanola der Donnerfalke auf ein Riff lief. Er wurde \u00fcber Bord gesp\u00fclt und von Esmeralda fast tot am Strand gefunden. Der Sage nach kreuzt der Donnerfalke mit seiner Manschaft um den einbeinigen Jack noch heute \u00fcber die Weltmeere, denn es wurde nie ein Wrack vor der K\u00fcste von Hispanola gefunden. Fortan lebte er mit Esmeralda und war nicht l\u00e4nger Kapit\u00e4n, denn neuer Kapit\u00e4n war seine Frau. Auch er half den Armen und erlangte dadurch Unsterblichkeit. Hugo war schon immer etwas kauzig und gern f\u00fcr einen guten Schluck Rum und einen guten Witz zu haben. Die Liebe zu Esmeralda ist in ihm nie erloschen.<\/p>\n<p><strong>PIT, DAS WIESEL:<\/strong><\/p>\n<p>Pit, das Wiesel, ist als Kind vom Esel seiner Eltern gefallen, die ohne es zu merken weiterritten. Als Gabor das hilflose Wiesel am Boden liegen sah, nahm er es auf und k\u00fcmmerte sich um ihn. Pit lernte schnell das Stehlen von Touristen und das Besorgen von Informationen f\u00fcr Gabor. Pit ist ein bisschen \u00e4ngstlich und schreckhaft und zudem sehr tolpatschig. Viele sagen, dass wohl seine Hirnleistung unter dem Sturz vom Esel gelitten haben soll. Er zeichnet sich auch dadurch aus, dass er, wenn er nerv\u00f6s ist, in fahrigen S\u00e4tzen spricht. Als Erinnerung an seine Eltern tr\u00e4gt er immer noch seinen Schnuller um den Hals.<\/p>\n<p><strong>GABOR:<\/strong><\/p>\n<p>Gabor ist der Boss der dominikanischen Unterwelt. Nach seiner Ausreise aus Deutschland arbeitete er sich hoch vom kleinen Taschendieb, \u00fcber hiesigen Alkohol- und Tabakhandel bis hin zu moderner Piraterie. Jedes schmutzige und kriminelle Gesch\u00e4ft auf seiner Insel wird von ihm kontrolliert. Sein bester Informant an der Basis f\u00fcr alle Gesch\u00e4fte ist Pit, das Wiesel, den er als Kind aufgezogen hat. Gabor zeichnet sich aus durch seine Brutalit\u00e4t und Gewissenlosigkeit.<\/p>\n<p>&nbsp;<\/p>\n<p><span style=\"color: #ff6600;\"><a href=\"http:\/\/remo-music.de\/cms\/drehorte\"><span style=\"color: #ff6600;\"><strong>Drehorte und Informationen<\/strong><\/span><\/a><\/span><\/p>\n<p><span style=\"color: #ff6600;\"><a href=\"http:\/\/remo-music.de\/cms\/cast\"><span style=\"color: #ff6600;\"><strong>Cast &amp; Crew<\/strong><\/span><\/a><\/span><\/p>\n<p><span style=\"color: #ff6600;\"><a href=\"http:\/\/remo-music.de\/cms\/vid\"><span style=\"color: #ff6600;\"><strong>Videos<\/strong><\/span><\/a><\/span><\/p>\n<p><span style=\"color: #ff6600;\"><a title=\"Das geheimnisvolle Album \u2013 ein Rockm\u00e4rchen\" href=\"http:\/\/www.remo-music.de\/cms\/expose\/\"><span style=\"color: #ff6600;\"><strong>Expos\u00e9<\/strong><\/span><\/a><\/span><\/p>\n<p><span style=\"color: #ff6600;\"><a href=\"http:\/\/remo-music.de\/cms\/dasgeheimnisvollealbum\"><span style=\"color: #ff6600;\"><strong>Home<\/strong><\/span><\/a><\/span><\/p>\n<p><strong>\u00a0<\/strong><\/p>\n<p>&nbsp;<\/p>\n","protected":false},"excerpt":{"rendered":"<p>Charaktere \u00a0REMO: Remo ist ein lustiger, lauter Rocker, der finanziell unabh\u00e4ngig ist und noch immer in seiner Villa wohnt &#8211; mittlerweile mit Tina zusammen. Obwohl er Jura studiert hat, tr\u00e4umt er schon immer von seiner eigenen Musik. Einmal m\u00f6chte er vor einem riesen Publikum stehen, am Besten eine Stadiontour durch Deutschland und vor 10000 Menschen [&hellip;]<\/p>\n","protected":false},"author":4,"featured_media":0,"parent":0,"menu_order":0,"comment_status":"closed","ping_status":"closed","template":"","meta":{"footnotes":""},"_links":{"self":[{"href":"https:\/\/www.remo-music.de\/cms\/wp-json\/wp\/v2\/pages\/2890"}],"collection":[{"href":"https:\/\/www.remo-music.de\/cms\/wp-json\/wp\/v2\/pages"}],"about":[{"href":"https:\/\/www.remo-music.de\/cms\/wp-json\/wp\/v2\/types\/page"}],"author":[{"embeddable":true,"href":"https:\/\/www.remo-music.de\/cms\/wp-json\/wp\/v2\/users\/4"}],"replies":[{"embeddable":true,"href":"https:\/\/www.remo-music.de\/cms\/wp-json\/wp\/v2\/comments?post=2890"}],"version-history":[{"count":4,"href":"https:\/\/www.remo-music.de\/cms\/wp-json\/wp\/v2\/pages\/2890\/revisions"}],"predecessor-version":[{"id":2910,"href":"https:\/\/www.remo-music.de\/cms\/wp-json\/wp\/v2\/pages\/2890\/revisions\/2910"}],"wp:attachment":[{"href":"https:\/\/www.remo-music.de\/cms\/wp-json\/wp\/v2\/media?parent=2890"}],"curies":[{"name":"wp","href":"https:\/\/api.w.org\/{rel}","templated":true}]}}