{"id":2885,"date":"2015-08-27T09:40:16","date_gmt":"2015-08-27T07:40:16","guid":{"rendered":"http:\/\/www.remo-music.de\/cms\/?page_id=2885"},"modified":"2015-08-27T10:20:06","modified_gmt":"2015-08-27T08:20:06","slug":"expose","status":"publish","type":"page","link":"https:\/\/www.remo-music.de\/cms\/expose\/","title":{"rendered":"Das geheimnisvolle Album &#8211; ein Rockm\u00e4rchen"},"content":{"rendered":"<p><strong>Expos\u00e9<\/strong><\/p>\n<p>Der zweite Remo-Spielfilm \u201eDas geheimnisvolle Album (AT)\u201c schlie\u00dft zum Teil an den Vorg\u00e4nger \u201eHimmel im Kopf; Remo \u2013 Der Film\u201c an, obwohl er v\u00f6llig anderer Art ist.<\/p>\n<p>Rocker Remo und seine gro\u00dfe Liebe Tina leben zusammen in einer Villa in Berlin. Sein gro\u00dfer Traum ist es, mit seiner Musik Stadien zu f\u00fcllen und Menschen zu ber\u00fchren. Nachdem Remo mit seiner Band lange Musik machte, muss er sich nun aber eingestehen, dass die Menschen seine gef\u00fchlvolle und von Gitarren gepr\u00e4gte Musik wohl nicht h\u00f6ren wollen. Der gro\u00dfe Durchbruch fehlt.<\/p>\n<p>Remo beschlie\u00dft, aufzuh\u00f6ren und teilt dies Tina und seiner Band mit.<\/p>\n<p>Die guten Geister Esmeralda und Hugo verfolgen unterdessen das Gespr\u00e4ch \u00fcber ein Grammophon in ihrem geheimnisvollen Turm und beschlie\u00dfen, dem Rocker mit Herz zu helfen.<\/p>\n<p>Auf der Heimfahrt geraten Remo und Tina in einen Zeit- und Raumstrudel und finden sich auf mysteri\u00f6se Art und Weise im Norden vor einem Leuchtturm wieder. Remo h\u00f6rt aus der Ferne Musik, die Tina allerdings verborgen bleibt. Im Turm werden sie von den beiden guten Geistern empfangen, die ihnen ein kleines K\u00e4stchen \u00fcbergeben. Remo und Tina schlafen letztendlich im Turm ein und erwachen am n\u00e4chsten Morgen in einem Hotelzimmer in der Karibik. \u00dcberrascht und verwirrt \u00f6ffnen beide das K\u00e4stchen, das mit ihnen gereist ist. Darin finden sie unter anderem ein kleines, goldenes Plektrum und einen USB-Stick in Form einer Gitarre. Tina schlie\u00dft den Stick an und findet darauf einen Song. Es ist der Song, den Remo in der Nacht zuvor auf dem Weg zum Leuchtturm h\u00f6rte.<\/p>\n<p>Aufgrund von Gitarrenkl\u00e4ngen, die beide durch offene Fenster h\u00f6ren, gehen Remo und Tina\u00a0 zum Strand und treffen dort auf einen Gitarrenspieler. Er entpuppt sich als guter Geist, der sein goldenes Plektrum wieder haben m\u00f6chte und den beiden r\u00e4t, sich auf die Suche nach weiteren Songs zu machen.<\/p>\n<p>\u00dcber verschiedene Stationen, an denen der gute Geist immer wieder auftaucht, tragen sich verschiedene Songs zusammen, die wie durch Zauberei auf dem Stick gespeichert werden. Remo und Tina lernen immer mehr \u00fcber das Herz der Musik, das Leben und die Liebe.<\/p>\n<p>Durch den kleinen Taschendieb Pit, der ein Gespr\u00e4ch zwischen Remo und Tina belauscht, erf\u00e4hrt Untergrund-Boss Gabor von dem Stick mit den geheimnisvollen Song und setzt seinen Handlanger darauf\u00a0 an, den Stick zu besorgen. Er wittert damit das ganz gro\u00dfe Gesch\u00e4ft. Fortan werden Remo und Tina von Pit verfolgt, die durch die Hilfe des guten Geistes jedoch immer einen Schritt voraus sind, bis Tina in einem unachtsamen Moment entf\u00fchrt wird.<\/p>\n<p>Remo muss nun den Anweisungen von Gabor folgen und macht sich auf den Weg, den Stick zu \u00fcbergeben und Tina zu befreien. Durch eine List des guten Geistes wird Handlanger Pit au\u00dfer Gefecht gesetzt und Remo kann sich somit an den Boss Gabor pers\u00f6nlich anschleichen. Im Kampf wird Gabor \u00fcberw\u00e4ltigt. Remo rettet Tina und beide verschwinden.<\/p>\n<p>Nach einer letzten Pr\u00fcfung gelangen beide an einen verlorenen Strand und erhalten dort zwei weitere Songs. Der gute Geist verabschiedet sich und Remo und Tina schlafen am Strand bei Lagerfeuer ein.<\/p>\n<p>Als sie wieder erwachen, befinden sich beide wieder in dem geheimnisvollen Leuchtturm. Sie sind allein und haben den Stick bei sich. Bei einem Blick aus dem Fenster sehen sie Esmeralda und Hugo an ihrem Auto stehen und winken. Sie verlassen den Turm, doch beide sind weg.<\/p>\n<p>Remo und Tina fahren mit dem Auto los und geraten wieder durch einen Zeit- und Raumstrudel, der sie in der Stadt wieder auswirft. Remo beschlie\u00dft, mit den neuen Songs weiter zu machen und f\u00e4hrt zur\u00fcck zum Proberaum, in dem immer noch die Band sitzt. Sie erfahren, dass ihre Reise lediglich 20 Minuten gedauert hat.<\/p>\n<p>Remo erkl\u00e4rt seiner Band, dass er nur\u00a0 doch nicht aufh\u00f6ren m\u00f6chte und die Songs f\u00fcr das neue Album schon dabei hat. Als er die Songs vorspielt, wird die Frage nach einem passenden Gitarristen aufgeworfen. Keiner der Band kann diese Songs spielen. Wie durch ein Wunder klopft es nun an der T\u00fcr und der gute Geist der Karibik tritt ein und bietet sich als Gitarrist an. Die Band ist nun komplett.<\/p>\n<p><span style=\"color: #ff6600;\"><a href=\"http:\/\/remo-music.de\/cms\/drehorte\"><span style=\"color: #ff6600;\"><strong>Drehorte und Informationen\u00a0<\/strong><\/span><\/a><\/span><\/p>\n<p><span style=\"color: #ff6600;\"><a href=\"http:\/\/remo-music.de\/cms\/charaktere\"><span style=\"color: #ff6600;\"><strong>Charaktere<\/strong><\/span><\/a><\/span><\/p>\n<p><span style=\"color: #ff6600;\"><a href=\"http:\/\/www.remo-music.de\/cms\/cast\"><span style=\"color: #ff6600;\"><strong>Cast&amp;Crew<\/strong><\/span><\/a><\/span><\/p>\n<p><span style=\"color: #ff6600;\"><a href=\"http:\/\/remo-music.de\/cms\/vid\"><span style=\"color: #ff6600;\"><strong>Videos<\/strong><\/span><\/a><\/span><\/p>\n<p><span style=\"color: #ff6600;\"><a href=\"http:\/\/remo-music.de\/cms\/dasgeheimnisvollealbum\"><span style=\"color: #ff6600;\"><strong>Home<\/strong><\/span><\/a><\/span><\/p>\n<p>&nbsp;<\/p>\n","protected":false},"excerpt":{"rendered":"<p>Expos\u00e9 Der zweite Remo-Spielfilm \u201eDas geheimnisvolle Album (AT)\u201c schlie\u00dft zum Teil an den Vorg\u00e4nger \u201eHimmel im Kopf; Remo \u2013 Der Film\u201c an, obwohl er v\u00f6llig anderer Art ist. Rocker Remo und seine gro\u00dfe Liebe Tina leben zusammen in einer Villa in Berlin. Sein gro\u00dfer Traum ist es, mit seiner Musik Stadien zu f\u00fcllen und Menschen [&hellip;]<\/p>\n","protected":false},"author":4,"featured_media":0,"parent":0,"menu_order":0,"comment_status":"closed","ping_status":"closed","template":"","meta":{"footnotes":""},"_links":{"self":[{"href":"https:\/\/www.remo-music.de\/cms\/wp-json\/wp\/v2\/pages\/2885"}],"collection":[{"href":"https:\/\/www.remo-music.de\/cms\/wp-json\/wp\/v2\/pages"}],"about":[{"href":"https:\/\/www.remo-music.de\/cms\/wp-json\/wp\/v2\/types\/page"}],"author":[{"embeddable":true,"href":"https:\/\/www.remo-music.de\/cms\/wp-json\/wp\/v2\/users\/4"}],"replies":[{"embeddable":true,"href":"https:\/\/www.remo-music.de\/cms\/wp-json\/wp\/v2\/comments?post=2885"}],"version-history":[{"count":9,"href":"https:\/\/www.remo-music.de\/cms\/wp-json\/wp\/v2\/pages\/2885\/revisions"}],"predecessor-version":[{"id":2909,"href":"https:\/\/www.remo-music.de\/cms\/wp-json\/wp\/v2\/pages\/2885\/revisions\/2909"}],"wp:attachment":[{"href":"https:\/\/www.remo-music.de\/cms\/wp-json\/wp\/v2\/media?parent=2885"}],"curies":[{"name":"wp","href":"https:\/\/api.w.org\/{rel}","templated":true}]}}